{"id":12399,"date":"2025-09-02T12:46:30","date_gmt":"2025-09-02T10:46:30","guid":{"rendered":"https:\/\/rackow-schulen.de\/frankfurt\/?page_id=12399"},"modified":"2025-09-02T15:40:07","modified_gmt":"2025-09-02T13:40:07","slug":"jahrbuch","status":"publish","type":"page","link":"https:\/\/rackow-schulen.de\/frankfurt\/rackow-inside\/jahrbuch\/","title":{"rendered":"Jahrbuch"},"content":{"rendered":"\t\t<div data-elementor-type=\"wp-post\" data-elementor-id=\"12399\" class=\"elementor elementor-12399\">\n\t\t\t\t\t\t<section class=\"elementor-section elementor-top-section elementor-element elementor-element-557e33a elementor-section-boxed elementor-section-height-default elementor-section-height-default\" data-id=\"557e33a\" data-element_type=\"section\" data-settings=\"{&quot;background_background&quot;:&quot;classic&quot;}\">\n\t\t\t\t\t\t\t<div class=\"elementor-background-overlay\"><\/div>\n\t\t\t\t\t\t\t<div class=\"elementor-container elementor-column-gap-default\">\n\t\t\t\t\t<div class=\"elementor-column elementor-col-100 elementor-top-column elementor-element elementor-element-cc15eba\" data-id=\"cc15eba\" data-element_type=\"column\">\n\t\t\t<div class=\"elementor-widget-wrap\">\n\t\t\t\t\t\t\t<\/div>\n\t\t<\/div>\n\t\t\t\t\t<\/div>\n\t\t<\/section>\n\t\t\t\t<section class=\"elementor-section elementor-top-section elementor-element elementor-element-42e59065 elementor-section-boxed elementor-section-height-default elementor-section-height-default\" data-id=\"42e59065\" data-element_type=\"section\" data-settings=\"{&quot;background_background&quot;:&quot;classic&quot;}\">\n\t\t\t\t\t\t\t<div class=\"elementor-background-overlay\"><\/div>\n\t\t\t\t\t\t\t<div class=\"elementor-container elementor-column-gap-no\">\n\t\t\t\t\t<div class=\"elementor-column elementor-col-100 elementor-top-column elementor-element elementor-element-328f268\" data-id=\"328f268\" data-element_type=\"column\">\n\t\t\t<div class=\"elementor-widget-wrap elementor-element-populated\">\n\t\t\t\t\t\t<section class=\"elementor-section elementor-inner-section elementor-element elementor-element-53d4793 elementor-section-boxed elementor-section-height-default elementor-section-height-default\" data-id=\"53d4793\" data-element_type=\"section\">\n\t\t\t\t\t\t<div class=\"elementor-container elementor-column-gap-wide\">\n\t\t\t\t\t<div class=\"elementor-column elementor-col-50 elementor-inner-column elementor-element elementor-element-70d79e7\" data-id=\"70d79e7\" data-element_type=\"column\">\n\t\t\t<div class=\"elementor-widget-wrap elementor-element-populated\">\n\t\t\t\t\t\t<div class=\"elementor-element elementor-element-43d019d elementor-widget elementor-widget-heading\" data-id=\"43d019d\" data-element_type=\"widget\" data-widget_type=\"heading.default\">\n\t\t\t\t<div class=\"elementor-widget-container\">\n\t\t\t<style>\/*! elementor - v3.23.0 - 05-08-2024 *\/\n.elementor-heading-title{padding:0;margin:0;line-height:1}.elementor-widget-heading .elementor-heading-title[class*=elementor-size-]>a{color:inherit;font-size:inherit;line-height:inherit}.elementor-widget-heading .elementor-heading-title.elementor-size-small{font-size:15px}.elementor-widget-heading .elementor-heading-title.elementor-size-medium{font-size:19px}.elementor-widget-heading .elementor-heading-title.elementor-size-large{font-size:29px}.elementor-widget-heading .elementor-heading-title.elementor-size-xl{font-size:39px}.elementor-widget-heading .elementor-heading-title.elementor-size-xxl{font-size:59px}<\/style><h2 class=\"elementor-heading-title elementor-size-default\">Jahrbuch 2024\/2025<\/h2>\t\t<\/div>\n\t\t\t\t<\/div>\n\t\t\t\t<div class=\"elementor-element elementor-element-923de30 elementor-widget elementor-widget-spacer\" data-id=\"923de30\" data-element_type=\"widget\" data-widget_type=\"spacer.default\">\n\t\t\t\t<div class=\"elementor-widget-container\">\n\t\t\t<style>\/*! elementor - v3.23.0 - 05-08-2024 *\/\n.elementor-column .elementor-spacer-inner{height:var(--spacer-size)}.e-con{--container-widget-width:100%}.e-con-inner>.elementor-widget-spacer,.e-con>.elementor-widget-spacer{width:var(--container-widget-width,var(--spacer-size));--align-self:var(--container-widget-align-self,initial);--flex-shrink:0}.e-con-inner>.elementor-widget-spacer>.elementor-widget-container,.e-con>.elementor-widget-spacer>.elementor-widget-container{height:100%;width:100%}.e-con-inner>.elementor-widget-spacer>.elementor-widget-container>.elementor-spacer,.e-con>.elementor-widget-spacer>.elementor-widget-container>.elementor-spacer{height:100%}.e-con-inner>.elementor-widget-spacer>.elementor-widget-container>.elementor-spacer>.elementor-spacer-inner,.e-con>.elementor-widget-spacer>.elementor-widget-container>.elementor-spacer>.elementor-spacer-inner{height:var(--container-widget-height,var(--spacer-size))}.e-con-inner>.elementor-widget-spacer.elementor-widget-empty,.e-con>.elementor-widget-spacer.elementor-widget-empty{position:relative;min-height:22px;min-width:22px}.e-con-inner>.elementor-widget-spacer.elementor-widget-empty .elementor-widget-empty-icon,.e-con>.elementor-widget-spacer.elementor-widget-empty .elementor-widget-empty-icon{position:absolute;top:0;bottom:0;left:0;right:0;margin:auto;padding:0;width:22px;height:22px}<\/style>\t\t<div class=\"elementor-spacer\">\n\t\t\t<div class=\"elementor-spacer-inner\"><\/div>\n\t\t<\/div>\n\t\t\t\t<\/div>\n\t\t\t\t<\/div>\n\t\t\t\t<div class=\"elementor-element elementor-element-fd5b031 elementor-widget elementor-widget-text-editor\" data-id=\"fd5b031\" data-element_type=\"widget\" data-widget_type=\"text-editor.default\">\n\t\t\t\t<div class=\"elementor-widget-container\">\n\t\t\t<style>\/*! elementor - v3.23.0 - 05-08-2024 *\/\n.elementor-widget-text-editor.elementor-drop-cap-view-stacked .elementor-drop-cap{background-color:#69727d;color:#fff}.elementor-widget-text-editor.elementor-drop-cap-view-framed .elementor-drop-cap{color:#69727d;border:3px solid;background-color:transparent}.elementor-widget-text-editor:not(.elementor-drop-cap-view-default) .elementor-drop-cap{margin-top:8px}.elementor-widget-text-editor:not(.elementor-drop-cap-view-default) .elementor-drop-cap-letter{width:1em;height:1em}.elementor-widget-text-editor .elementor-drop-cap{float:left;text-align:center;line-height:1;font-size:50px}.elementor-widget-text-editor .elementor-drop-cap-letter{display:inline-block}<\/style>\t\t\t\t<p>Unser erstes digitales Jahrbuch!\u00a0<br \/>Wir w\u00fcnschen euch viel Spa\u00df beim Anschauen und hoffen, dass wir unser letztes Schuljahr so immer in bester Erinnerung behalten.\u00a0<\/p><p><em>Hinweis: Die Datei ben\u00f6tigt eine kurze Zeit zum Laden, da wir euch das bestm\u00f6gliche Text- und Bilderlebnis erm\u00f6glichen wollen. Bitte habt einen kleinen Moment Geduld.\u00a0<\/em><\/p>\t\t\t\t\t\t<\/div>\n\t\t\t\t<\/div>\n\t\t\t\t\t<\/div>\n\t\t<\/div>\n\t\t\t\t<div class=\"elementor-column elementor-col-50 elementor-inner-column elementor-element elementor-element-d8660cd\" data-id=\"d8660cd\" data-element_type=\"column\" data-settings=\"{&quot;background_background&quot;:&quot;classic&quot;}\">\n\t\t\t<div class=\"elementor-widget-wrap elementor-element-populated\">\n\t\t\t\t\t\t<div class=\"elementor-element elementor-element-b0429df elementor-widget elementor-widget-shortcode\" data-id=\"b0429df\" data-element_type=\"widget\" data-widget_type=\"shortcode.default\">\n\t\t\t\t<div class=\"elementor-widget-container\">\n\t\t\t\t\t<div class=\"elementor-shortcode\"><div class=\"_df_book df-lite\" id=\"df_12422\"  _slug=\"12422\" data-title=\"jahrbuch-24-25\" wpoptions=\"true\" thumb=\"https:\/\/rackow-schulen.de\/frankfurt\/wp-content\/uploads\/2025\/09\/Bildschirmfoto-2025-09-02-um-12.16.04.png\" thumbtype=\"\" ><\/div><script class=\"df-shortcode-script\" nowprocket type=\"application\/javascript\">window.option_df_12422 = {\"outline\":[],\"backgroundColor\":\"#ffffff\",\"autoEnableOutline\":\"false\",\"autoEnableThumbnail\":\"false\",\"overwritePDFOutline\":\"false\",\"enableDownload\":\"false\",\"direction\":\"1\",\"pageSize\":\"0\",\"controlsPosition\":\"bottom\",\"soundEnable\":\"false\",\"source\":\"https:\\\/\\\/rackow-schulen.de\\\/frankfurt\\\/wp-content\\\/uploads\\\/2025\\\/09\\\/Website-Jahrbuch-2425.pdf\",\"wpOptions\":\"true\"}; if(window.DFLIP && window.DFLIP.parseBooks){window.DFLIP.parseBooks();}<\/script><\/div>\n\t\t\t\t<\/div>\n\t\t\t\t<\/div>\n\t\t\t\t\t<\/div>\n\t\t<\/div>\n\t\t\t\t\t<\/div>\n\t\t<\/section>\n\t\t\t\t<section class=\"elementor-section elementor-inner-section elementor-element elementor-element-2031ba4 elementor-section-boxed elementor-section-height-default elementor-section-height-default\" data-id=\"2031ba4\" data-element_type=\"section\">\n\t\t\t\t\t\t<div class=\"elementor-container elementor-column-gap-wide\">\n\t\t\t\t\t<div class=\"elementor-column elementor-col-100 elementor-inner-column elementor-element elementor-element-3914e6c\" data-id=\"3914e6c\" data-element_type=\"column\">\n\t\t\t<div class=\"elementor-widget-wrap\">\n\t\t\t\t\t\t\t<\/div>\n\t\t<\/div>\n\t\t\t\t\t<\/div>\n\t\t<\/section>\n\t\t\t\t\t<\/div>\n\t\t<\/div>\n\t\t\t\t\t<\/div>\n\t\t<\/section>\n\t\t\t\t<\/div>\n\t\t","protected":false},"excerpt":{"rendered":"<p>Jahrbuch 2024\/2025 Unser erstes digitales Jahrbuch!\u00a0Wir w\u00fcnschen euch viel Spa\u00df beim Anschauen und hoffen, dass wir unser letztes Schuljahr so immer in bester Erinnerung behalten.\u00a0 Hinweis: Die Datei ben\u00f6tigt eine kurze Zeit zum Laden, da wir euch das bestm\u00f6gliche Text- und Bilderlebnis erm\u00f6glichen wollen. Bitte habt einen kleinen Moment Geduld.\u00a0<\/p>\n","protected":false},"author":9,"featured_media":0,"parent":6318,"menu_order":0,"comment_status":"closed","ping_status":"closed","template":"","meta":{"site-sidebar-layout":"no-sidebar","site-content-layout":"page-builder","ast-site-content-layout":"","site-content-style":"default","site-sidebar-style":"default","ast-global-header-display":"","ast-banner-title-visibility":"","ast-main-header-display":"","ast-hfb-above-header-display":"","ast-hfb-below-header-display":"","ast-hfb-mobile-header-display":"","site-post-title":"disabled","ast-breadcrumbs-content":"","ast-featured-img":"disabled","footer-sml-layout":"","theme-transparent-header-meta":"","adv-header-id-meta":"","stick-header-meta":"","header-above-stick-meta":"","header-main-stick-meta":"","header-below-stick-meta":"","astra-migrate-meta-layouts":"default","ast-page-background-enabled":"default","ast-page-background-meta":{"desktop":{"background-color":"","background-image":"","background-repeat":"repeat","background-position":"center center","background-size":"auto","background-attachment":"scroll","background-type":"","background-media":"","overlay-type":"","overlay-color":"","overlay-opacity":"","overlay-gradient":""},"tablet":{"background-color":"","background-image":"","background-repeat":"repeat","background-position":"center center","background-size":"auto","background-attachment":"scroll","background-type":"","background-media":"","overlay-type":"","overlay-color":"","overlay-opacity":"","overlay-gradient":""},"mobile":{"background-color":"","background-image":"","background-repeat":"repeat","background-position":"center center","background-size":"auto","background-attachment":"scroll","background-type":"","background-media":"","overlay-type":"","overlay-color":"","overlay-opacity":"","overlay-gradient":""}},"ast-content-background-meta":{"desktop":{"background-color":"var(--ast-global-color-5)","background-image":"","background-repeat":"repeat","background-position":"center center","background-size":"auto","background-attachment":"scroll","background-type":"","background-media":"","overlay-type":"","overlay-color":"","overlay-opacity":"","overlay-gradient":""},"tablet":{"background-color":"var(--ast-global-color-5)","background-image":"","background-repeat":"repeat","background-position":"center center","background-size":"auto","background-attachment":"scroll","background-type":"","background-media":"","overlay-type":"","overlay-color":"","overlay-opacity":"","overlay-gradient":""},"mobile":{"background-color":"var(--ast-global-color-5)","background-image":"","background-repeat":"repeat","background-position":"center center","background-size":"auto","background-attachment":"scroll","background-type":"","background-media":"","overlay-type":"","overlay-color":"","overlay-opacity":"","overlay-gradient":""}},"footnotes":"","_links_to":"","_links_to_target":""},"class_list":["post-12399","page","type-page","status-publish","hentry"],"yoast_head":"<!-- This site is optimized with the Yoast SEO plugin v23.5 - https:\/\/yoast.com\/wordpress\/plugins\/seo\/ -->\n<title>Jahrbuch | Rackow-Schulen | Privatschule Frankfurt<\/title>\n<meta name=\"description\" content=\"Realschule, Gymnasium, Fachoberschule oder berufliches Gymnasium. Frankfurts pers\u00f6nlichste Privatschule bietet dir den richtigen Bildungsweg.\" \/>\n<meta name=\"robots\" content=\"index, follow, max-snippet:-1, max-image-preview:large, max-video-preview:-1\" \/>\n<link rel=\"canonical\" href=\"https:\/\/rackow-schulen.de\/frankfurt\/rackow-inside\/jahrbuch\/\" \/>\n<meta property=\"og:locale\" content=\"de_DE\" \/>\n<meta property=\"og:type\" content=\"article\" \/>\n<meta property=\"og:title\" content=\"Jahrbuch | Rackow-Schulen | Privatschule Frankfurt\" \/>\n<meta property=\"og:description\" content=\"Realschule, Gymnasium, Fachoberschule oder berufliches Gymnasium. Frankfurts pers\u00f6nlichste Privatschule bietet dir den richtigen Bildungsweg.\" \/>\n<meta property=\"og:url\" content=\"https:\/\/rackow-schulen.de\/frankfurt\/rackow-inside\/jahrbuch\/\" \/>\n<meta property=\"og:site_name\" content=\"Rackow-Frankfurt\" \/>\n<meta property=\"article:publisher\" content=\"https:\/\/www.facebook.com\/RackowSchuleFrankfurt\" \/>\n<meta property=\"article:modified_time\" content=\"2025-09-02T13:40:07+00:00\" \/>\n<meta name=\"twitter:card\" content=\"summary_large_image\" \/>\n<meta name=\"twitter:label1\" content=\"Gesch\u00e4tzte Lesezeit\" \/>\n\t<meta name=\"twitter:data1\" content=\"1\u00a0Minute\" \/>\n<script type=\"application\/ld+json\" class=\"yoast-schema-graph\">{\"@context\":\"https:\/\/schema.org\",\"@graph\":[{\"@type\":\"WebPage\",\"@id\":\"https:\/\/rackow-schulen.de\/frankfurt\/rackow-inside\/jahrbuch\/\",\"url\":\"https:\/\/rackow-schulen.de\/frankfurt\/rackow-inside\/jahrbuch\/\",\"name\":\"Jahrbuch | Rackow-Schulen | Privatschule Frankfurt\",\"isPartOf\":{\"@id\":\"https:\/\/rackow-schulen.de\/frankfurt\/#website\"},\"datePublished\":\"2025-09-02T10:46:30+00:00\",\"dateModified\":\"2025-09-02T13:40:07+00:00\",\"description\":\"Realschule, Gymnasium, Fachoberschule oder berufliches Gymnasium. Frankfurts pers\u00f6nlichste Privatschule bietet dir den richtigen Bildungsweg.\",\"breadcrumb\":{\"@id\":\"https:\/\/rackow-schulen.de\/frankfurt\/rackow-inside\/jahrbuch\/#breadcrumb\"},\"inLanguage\":\"de\",\"potentialAction\":[{\"@type\":\"ReadAction\",\"target\":[\"https:\/\/rackow-schulen.de\/frankfurt\/rackow-inside\/jahrbuch\/\"]}]},{\"@type\":\"BreadcrumbList\",\"@id\":\"https:\/\/rackow-schulen.de\/frankfurt\/rackow-inside\/jahrbuch\/#breadcrumb\",\"itemListElement\":[{\"@type\":\"ListItem\",\"position\":1,\"name\":\"Startseite\",\"item\":\"https:\/\/rackow-schulen.de\/frankfurt\/\"},{\"@type\":\"ListItem\",\"position\":2,\"name\":\"Rackow-Inside\",\"item\":\"https:\/\/rackow-schulen.de\/frankfurt\/rackow-inside\/\"},{\"@type\":\"ListItem\",\"position\":3,\"name\":\"Jahrbuch\"}]},{\"@type\":\"WebSite\",\"@id\":\"https:\/\/rackow-schulen.de\/frankfurt\/#website\",\"url\":\"https:\/\/rackow-schulen.de\/frankfurt\/\",\"name\":\"Rackow-Frankfurt\",\"description\":\"Frankfurts pers\u00f6nlichste Privatschule\",\"publisher\":{\"@id\":\"https:\/\/rackow-schulen.de\/frankfurt\/#organization\"},\"potentialAction\":[{\"@type\":\"SearchAction\",\"target\":{\"@type\":\"EntryPoint\",\"urlTemplate\":\"https:\/\/rackow-schulen.de\/frankfurt\/?s={search_term_string}\"},\"query-input\":{\"@type\":\"PropertyValueSpecification\",\"valueRequired\":true,\"valueName\":\"search_term_string\"}}],\"inLanguage\":\"de\"},{\"@type\":\"Organization\",\"@id\":\"https:\/\/rackow-schulen.de\/frankfurt\/#organization\",\"name\":\"Rackow-Schulen Frankfurt\",\"url\":\"https:\/\/rackow-schulen.de\/frankfurt\/\",\"logo\":{\"@type\":\"ImageObject\",\"inLanguage\":\"de\",\"@id\":\"https:\/\/rackow-schulen.de\/frankfurt\/#\/schema\/logo\/image\/\",\"url\":\"https:\/\/rackow-schulen.de\/frankfurt\/wp-content\/uploads\/2022\/10\/logo-mobile.png\",\"contentUrl\":\"https:\/\/rackow-schulen.de\/frankfurt\/wp-content\/uploads\/2022\/10\/logo-mobile.png\",\"width\":60,\"height\":60,\"caption\":\"Rackow-Schulen Frankfurt\"},\"image\":{\"@id\":\"https:\/\/rackow-schulen.de\/frankfurt\/#\/schema\/logo\/image\/\"},\"sameAs\":[\"https:\/\/www.facebook.com\/RackowSchuleFrankfurt\",\"https:\/\/www.instagram.com\/rackowffm\/\",\"https:\/\/www.xing.com\/pages\/rackow-schulen-frankfurt-gmbh\",\"https:\/\/de.linkedin.com\/company\/rackow-schule-frankfurt\"]}]}<\/script>\n<!-- \/ Yoast SEO plugin. -->","yoast_head_json":{"title":"Jahrbuch | Rackow-Schulen | Privatschule Frankfurt","description":"Realschule, Gymnasium, Fachoberschule oder berufliches Gymnasium. Frankfurts pers\u00f6nlichste Privatschule bietet dir den richtigen Bildungsweg.","robots":{"index":"index","follow":"follow","max-snippet":"max-snippet:-1","max-image-preview":"max-image-preview:large","max-video-preview":"max-video-preview:-1"},"canonical":"https:\/\/rackow-schulen.de\/frankfurt\/rackow-inside\/jahrbuch\/","og_locale":"de_DE","og_type":"article","og_title":"Jahrbuch | Rackow-Schulen | Privatschule Frankfurt","og_description":"Realschule, Gymnasium, Fachoberschule oder berufliches Gymnasium. Frankfurts pers\u00f6nlichste Privatschule bietet dir den richtigen Bildungsweg.","og_url":"https:\/\/rackow-schulen.de\/frankfurt\/rackow-inside\/jahrbuch\/","og_site_name":"Rackow-Frankfurt","article_publisher":"https:\/\/www.facebook.com\/RackowSchuleFrankfurt","article_modified_time":"2025-09-02T13:40:07+00:00","twitter_card":"summary_large_image","twitter_misc":{"Gesch\u00e4tzte Lesezeit":"1\u00a0Minute"},"schema":{"@context":"https:\/\/schema.org","@graph":[{"@type":"WebPage","@id":"https:\/\/rackow-schulen.de\/frankfurt\/rackow-inside\/jahrbuch\/","url":"https:\/\/rackow-schulen.de\/frankfurt\/rackow-inside\/jahrbuch\/","name":"Jahrbuch | Rackow-Schulen | Privatschule Frankfurt","isPartOf":{"@id":"https:\/\/rackow-schulen.de\/frankfurt\/#website"},"datePublished":"2025-09-02T10:46:30+00:00","dateModified":"2025-09-02T13:40:07+00:00","description":"Realschule, Gymnasium, Fachoberschule oder berufliches Gymnasium. Frankfurts pers\u00f6nlichste Privatschule bietet dir den richtigen Bildungsweg.","breadcrumb":{"@id":"https:\/\/rackow-schulen.de\/frankfurt\/rackow-inside\/jahrbuch\/#breadcrumb"},"inLanguage":"de","potentialAction":[{"@type":"ReadAction","target":["https:\/\/rackow-schulen.de\/frankfurt\/rackow-inside\/jahrbuch\/"]}]},{"@type":"BreadcrumbList","@id":"https:\/\/rackow-schulen.de\/frankfurt\/rackow-inside\/jahrbuch\/#breadcrumb","itemListElement":[{"@type":"ListItem","position":1,"name":"Startseite","item":"https:\/\/rackow-schulen.de\/frankfurt\/"},{"@type":"ListItem","position":2,"name":"Rackow-Inside","item":"https:\/\/rackow-schulen.de\/frankfurt\/rackow-inside\/"},{"@type":"ListItem","position":3,"name":"Jahrbuch"}]},{"@type":"WebSite","@id":"https:\/\/rackow-schulen.de\/frankfurt\/#website","url":"https:\/\/rackow-schulen.de\/frankfurt\/","name":"Rackow-Frankfurt","description":"Frankfurts pers\u00f6nlichste Privatschule","publisher":{"@id":"https:\/\/rackow-schulen.de\/frankfurt\/#organization"},"potentialAction":[{"@type":"SearchAction","target":{"@type":"EntryPoint","urlTemplate":"https:\/\/rackow-schulen.de\/frankfurt\/?s={search_term_string}"},"query-input":{"@type":"PropertyValueSpecification","valueRequired":true,"valueName":"search_term_string"}}],"inLanguage":"de"},{"@type":"Organization","@id":"https:\/\/rackow-schulen.de\/frankfurt\/#organization","name":"Rackow-Schulen Frankfurt","url":"https:\/\/rackow-schulen.de\/frankfurt\/","logo":{"@type":"ImageObject","inLanguage":"de","@id":"https:\/\/rackow-schulen.de\/frankfurt\/#\/schema\/logo\/image\/","url":"https:\/\/rackow-schulen.de\/frankfurt\/wp-content\/uploads\/2022\/10\/logo-mobile.png","contentUrl":"https:\/\/rackow-schulen.de\/frankfurt\/wp-content\/uploads\/2022\/10\/logo-mobile.png","width":60,"height":60,"caption":"Rackow-Schulen Frankfurt"},"image":{"@id":"https:\/\/rackow-schulen.de\/frankfurt\/#\/schema\/logo\/image\/"},"sameAs":["https:\/\/www.facebook.com\/RackowSchuleFrankfurt","https:\/\/www.instagram.com\/rackowffm\/","https:\/\/www.xing.com\/pages\/rackow-schulen-frankfurt-gmbh","https:\/\/de.linkedin.com\/company\/rackow-schule-frankfurt"]}]}},"_links":{"self":[{"href":"https:\/\/rackow-schulen.de\/frankfurt\/wp-json\/wp\/v2\/pages\/12399","targetHints":{"allow":["GET"]}}],"collection":[{"href":"https:\/\/rackow-schulen.de\/frankfurt\/wp-json\/wp\/v2\/pages"}],"about":[{"href":"https:\/\/rackow-schulen.de\/frankfurt\/wp-json\/wp\/v2\/types\/page"}],"author":[{"embeddable":true,"href":"https:\/\/rackow-schulen.de\/frankfurt\/wp-json\/wp\/v2\/users\/9"}],"replies":[{"embeddable":true,"href":"https:\/\/rackow-schulen.de\/frankfurt\/wp-json\/wp\/v2\/comments?post=12399"}],"version-history":[{"count":23,"href":"https:\/\/rackow-schulen.de\/frankfurt\/wp-json\/wp\/v2\/pages\/12399\/revisions"}],"predecessor-version":[{"id":12457,"href":"https:\/\/rackow-schulen.de\/frankfurt\/wp-json\/wp\/v2\/pages\/12399\/revisions\/12457"}],"up":[{"embeddable":true,"href":"https:\/\/rackow-schulen.de\/frankfurt\/wp-json\/wp\/v2\/pages\/6318"}],"wp:attachment":[{"href":"https:\/\/rackow-schulen.de\/frankfurt\/wp-json\/wp\/v2\/media?parent=12399"}],"curies":[{"name":"wp","href":"https:\/\/api.w.org\/{rel}","templated":true}]}}