{"id":8157,"date":"2022-09-27T13:36:52","date_gmt":"2022-09-27T11:36:52","guid":{"rendered":"https:\/\/ffmhome.rackow-schulen.de\/?page_id=8157"},"modified":"2023-09-22T11:08:38","modified_gmt":"2023-09-22T09:08:38","slug":"mittagsverpflegung","status":"publish","type":"page","link":"https:\/\/rackow-schulen.de\/frankfurt\/infos\/mittagsverpflegung\/","title":{"rendered":"Mittagsverpflegung"},"content":{"rendered":"\t\t<div data-elementor-type=\"wp-post\" data-elementor-id=\"8157\" class=\"elementor elementor-8157\">\n\t\t\t\t\t\t<section class=\"elementor-section elementor-top-section elementor-element elementor-element-6d18c021 elementor-section-boxed elementor-section-height-default elementor-section-height-default\" data-id=\"6d18c021\" data-element_type=\"section\" data-settings=\"{&quot;background_background&quot;:&quot;classic&quot;}\">\n\t\t\t\t\t\t\t<div class=\"elementor-background-overlay\"><\/div>\n\t\t\t\t\t\t\t<div class=\"elementor-container elementor-column-gap-default\">\n\t\t\t\t\t<div class=\"elementor-column elementor-col-100 elementor-top-column elementor-element elementor-element-44743834\" data-id=\"44743834\" data-element_type=\"column\">\n\t\t\t<div class=\"elementor-widget-wrap elementor-element-populated\">\n\t\t\t\t\t\t<div class=\"elementor-element elementor-element-4441f91 elementor-widget elementor-widget-heading\" data-id=\"4441f91\" data-element_type=\"widget\" data-widget_type=\"heading.default\">\n\t\t\t\t<div class=\"elementor-widget-container\">\n\t\t\t<style>\/*! elementor - v3.23.0 - 05-08-2024 *\/\n.elementor-heading-title{padding:0;margin:0;line-height:1}.elementor-widget-heading .elementor-heading-title[class*=elementor-size-]>a{color:inherit;font-size:inherit;line-height:inherit}.elementor-widget-heading .elementor-heading-title.elementor-size-small{font-size:15px}.elementor-widget-heading .elementor-heading-title.elementor-size-medium{font-size:19px}.elementor-widget-heading .elementor-heading-title.elementor-size-large{font-size:29px}.elementor-widget-heading .elementor-heading-title.elementor-size-xl{font-size:39px}.elementor-widget-heading .elementor-heading-title.elementor-size-xxl{font-size:59px}<\/style><h1 class=\"elementor-heading-title elementor-size-default\">Mittagsverpflegung<\/h1>\t\t<\/div>\n\t\t\t\t<\/div>\n\t\t\t\t<div class=\"elementor-element elementor-element-592e2295 elementor-widget-divider--view-line elementor-widget elementor-widget-divider\" data-id=\"592e2295\" data-element_type=\"widget\" data-widget_type=\"divider.default\">\n\t\t\t\t<div class=\"elementor-widget-container\">\n\t\t\t<style>\/*! elementor - v3.23.0 - 05-08-2024 *\/\n.elementor-widget-divider{--divider-border-style:none;--divider-border-width:1px;--divider-color:#0c0d0e;--divider-icon-size:20px;--divider-element-spacing:10px;--divider-pattern-height:24px;--divider-pattern-size:20px;--divider-pattern-url:none;--divider-pattern-repeat:repeat-x}.elementor-widget-divider .elementor-divider{display:flex}.elementor-widget-divider .elementor-divider__text{font-size:15px;line-height:1;max-width:95%}.elementor-widget-divider .elementor-divider__element{margin:0 var(--divider-element-spacing);flex-shrink:0}.elementor-widget-divider .elementor-icon{font-size:var(--divider-icon-size)}.elementor-widget-divider .elementor-divider-separator{display:flex;margin:0;direction:ltr}.elementor-widget-divider--view-line_icon .elementor-divider-separator,.elementor-widget-divider--view-line_text .elementor-divider-separator{align-items:center}.elementor-widget-divider--view-line_icon .elementor-divider-separator:after,.elementor-widget-divider--view-line_icon .elementor-divider-separator:before,.elementor-widget-divider--view-line_text .elementor-divider-separator:after,.elementor-widget-divider--view-line_text .elementor-divider-separator:before{display:block;content:\"\";border-block-end:0;flex-grow:1;border-block-start:var(--divider-border-width) var(--divider-border-style) var(--divider-color)}.elementor-widget-divider--element-align-left .elementor-divider .elementor-divider-separator>.elementor-divider__svg:first-of-type{flex-grow:0;flex-shrink:100}.elementor-widget-divider--element-align-left .elementor-divider-separator:before{content:none}.elementor-widget-divider--element-align-left .elementor-divider__element{margin-left:0}.elementor-widget-divider--element-align-right .elementor-divider .elementor-divider-separator>.elementor-divider__svg:last-of-type{flex-grow:0;flex-shrink:100}.elementor-widget-divider--element-align-right .elementor-divider-separator:after{content:none}.elementor-widget-divider--element-align-right .elementor-divider__element{margin-right:0}.elementor-widget-divider--element-align-start .elementor-divider .elementor-divider-separator>.elementor-divider__svg:first-of-type{flex-grow:0;flex-shrink:100}.elementor-widget-divider--element-align-start .elementor-divider-separator:before{content:none}.elementor-widget-divider--element-align-start .elementor-divider__element{margin-inline-start:0}.elementor-widget-divider--element-align-end .elementor-divider .elementor-divider-separator>.elementor-divider__svg:last-of-type{flex-grow:0;flex-shrink:100}.elementor-widget-divider--element-align-end .elementor-divider-separator:after{content:none}.elementor-widget-divider--element-align-end .elementor-divider__element{margin-inline-end:0}.elementor-widget-divider:not(.elementor-widget-divider--view-line_text):not(.elementor-widget-divider--view-line_icon) .elementor-divider-separator{border-block-start:var(--divider-border-width) var(--divider-border-style) var(--divider-color)}.elementor-widget-divider--separator-type-pattern{--divider-border-style:none}.elementor-widget-divider--separator-type-pattern.elementor-widget-divider--view-line .elementor-divider-separator,.elementor-widget-divider--separator-type-pattern:not(.elementor-widget-divider--view-line) .elementor-divider-separator:after,.elementor-widget-divider--separator-type-pattern:not(.elementor-widget-divider--view-line) .elementor-divider-separator:before,.elementor-widget-divider--separator-type-pattern:not([class*=elementor-widget-divider--view]) .elementor-divider-separator{width:100%;min-height:var(--divider-pattern-height);-webkit-mask-size:var(--divider-pattern-size) 100%;mask-size:var(--divider-pattern-size) 100%;-webkit-mask-repeat:var(--divider-pattern-repeat);mask-repeat:var(--divider-pattern-repeat);background-color:var(--divider-color);-webkit-mask-image:var(--divider-pattern-url);mask-image:var(--divider-pattern-url)}.elementor-widget-divider--no-spacing{--divider-pattern-size:auto}.elementor-widget-divider--bg-round{--divider-pattern-repeat:round}.rtl .elementor-widget-divider .elementor-divider__text{direction:rtl}.e-con-inner>.elementor-widget-divider,.e-con>.elementor-widget-divider{width:var(--container-widget-width,100%);--flex-grow:var(--container-widget-flex-grow)}<\/style>\t\t<div class=\"elementor-divider\">\n\t\t\t<span class=\"elementor-divider-separator\">\n\t\t\t\t\t\t<\/span>\n\t\t<\/div>\n\t\t\t\t<\/div>\n\t\t\t\t<\/div>\n\t\t\t\t\t<\/div>\n\t\t<\/div>\n\t\t\t\t\t<\/div>\n\t\t<\/section>\n\t\t\t\t<section class=\"elementor-section elementor-top-section elementor-element elementor-element-5dbcfce0 elementor-section-boxed elementor-section-height-default elementor-section-height-default\" data-id=\"5dbcfce0\" data-element_type=\"section\">\n\t\t\t\t\t\t\t<div class=\"elementor-background-overlay\"><\/div>\n\t\t\t\t\t\t\t<div class=\"elementor-container elementor-column-gap-no\">\n\t\t\t\t\t<div class=\"elementor-column elementor-col-100 elementor-top-column elementor-element elementor-element-4a893fc\" data-id=\"4a893fc\" data-element_type=\"column\">\n\t\t\t<div class=\"elementor-widget-wrap elementor-element-populated\">\n\t\t\t\t\t\t<div class=\"elementor-element elementor-element-1cbcdd4 elementor-widget elementor-widget-heading\" data-id=\"1cbcdd4\" data-element_type=\"widget\" data-widget_type=\"heading.default\">\n\t\t\t\t<div class=\"elementor-widget-container\">\n\t\t\t<h2 class=\"elementor-heading-title elementor-size-default\">Informationen zur Verpflegung <\/h2>\t\t<\/div>\n\t\t\t\t<\/div>\n\t\t\t\t<div class=\"elementor-element elementor-element-7360b2f4 elementor-widget-divider--view-line elementor-widget elementor-widget-divider\" data-id=\"7360b2f4\" data-element_type=\"widget\" data-widget_type=\"divider.default\">\n\t\t\t\t<div class=\"elementor-widget-container\">\n\t\t\t\t\t<div class=\"elementor-divider\">\n\t\t\t<span class=\"elementor-divider-separator\">\n\t\t\t\t\t\t<\/span>\n\t\t<\/div>\n\t\t\t\t<\/div>\n\t\t\t\t<\/div>\n\t\t\t\t<div class=\"elementor-element elementor-element-56785f6 elementor-widget elementor-widget-text-editor\" data-id=\"56785f6\" data-element_type=\"widget\" data-widget_type=\"text-editor.default\">\n\t\t\t\t<div class=\"elementor-widget-container\">\n\t\t\t<style>\/*! elementor - v3.23.0 - 05-08-2024 *\/\n.elementor-widget-text-editor.elementor-drop-cap-view-stacked .elementor-drop-cap{background-color:#69727d;color:#fff}.elementor-widget-text-editor.elementor-drop-cap-view-framed .elementor-drop-cap{color:#69727d;border:3px solid;background-color:transparent}.elementor-widget-text-editor:not(.elementor-drop-cap-view-default) .elementor-drop-cap{margin-top:8px}.elementor-widget-text-editor:not(.elementor-drop-cap-view-default) .elementor-drop-cap-letter{width:1em;height:1em}.elementor-widget-text-editor .elementor-drop-cap{float:left;text-align:center;line-height:1;font-size:50px}.elementor-widget-text-editor .elementor-drop-cap-letter{display:inline-block}<\/style>\t\t\t\t<h4>In unserer schuleigenen Mensa wird unseren Sch\u00fclerinnen und Sch\u00fclern ein t\u00e4glich wechselndes Mittagsangebot angeboten.<\/h4><p>Kooperation mit Caterer GEG-Gastro-Service<\/p><p>T\u00e4glich frische und abwechslungsreiche Mittagsgerichte (Fisch, Fleisch, Gefl\u00fcgel, vegetarische Gerichte)<\/p><p>Bewusst ausgew\u00e4hlte Lebensmittel von h\u00f6chster Qualit\u00e4t<\/p><p>Ein vielseitiges, auf Kinder und Jugendliche zugeschnittenes Angebot<\/p><h4>Mittagspause 11:30 Uhr \u2013 12:15 Uhr<\/h4>\t\t\t\t\t\t<\/div>\n\t\t\t\t<\/div>\n\t\t\t\t<div class=\"elementor-element elementor-element-177ce87 elementor-widget elementor-widget-text-editor\" data-id=\"177ce87\" data-element_type=\"widget\" data-widget_type=\"text-editor.default\">\n\t\t\t\t<div class=\"elementor-widget-container\">\n\t\t\t\t\t\t\t<h5>\u00a0<\/h5><div><div class=\"content \"><div class=\"container\"><div class=\"main-content\"><div class=\"page_content row-fluid\"><div id=\"block_content_first\" class=\"span9\"><div class=\"\"><article class=\"span12 mbtm fadeIn mbtm first\"><\/article><div><div class=\"content \"><div class=\"container\"><div class=\"main-content\"><div class=\"page_content row-fluid\"><div id=\"block_content_first\" class=\"span9\"><div class=\"\"><article class=\"span12 mbtm fadeIn mbtm first\"><div class=\"shortcode1-4\"><article class=\"span12 mbtm fadeIn mbtm first\"><div class=\"shortcode1-4\"><h4>T\u00e4gliches Mittagsgericht inkl. Wasserflat*<\/h4><p>Kosten pro Monat:\u00a0<span style=\"font-size: 16px;\">Verpflegungspauschale: <br \/>25 EUR pro Monat<br \/><\/span><span style=\"font-size: 16px;\">4,20 EUR \/ Gericht<\/span><\/p><p>*W\u00e4hrend der Mittagsmahlzeit (11:30 \u2013 12:15 Uhr) f\u00fcr stilles und sprudelndes Wasser<\/p><p>Wir arbeiten mit unserem Partner GEG-Gastro-Service zusammen.<\/p><p><a href=\"http:\/\/www.bestellung-geggastro.de\/\" target=\"_blank\" rel=\"noopener\">www.bestellung-geggastro.de<\/a><\/p><p>Das Formular zur Anmeldung ist auf unserer Downloadseite zu finden.<\/p><div class=\"cp-separator\">\u00a0<\/div><\/div><\/article><\/div><\/article><\/div><\/div><\/div><\/div><\/div><\/div><\/div><article class=\"span12 mbtm fadeIn mbtm first\"><div class=\"shortcode3-4\">\u00a0<\/div><\/article><\/div><\/div><\/div><\/div><\/div><\/div><\/div>\t\t\t\t\t\t<\/div>\n\t\t\t\t<\/div>\n\t\t\t\t<div class=\"elementor-element elementor-element-d69304e elementor-widget-divider--view-line elementor-widget elementor-widget-divider\" data-id=\"d69304e\" data-element_type=\"widget\" data-widget_type=\"divider.default\">\n\t\t\t\t<div class=\"elementor-widget-container\">\n\t\t\t\t\t<div class=\"elementor-divider\">\n\t\t\t<span class=\"elementor-divider-separator\">\n\t\t\t\t\t\t<\/span>\n\t\t<\/div>\n\t\t\t\t<\/div>\n\t\t\t\t<\/div>\n\t\t\t\t\t<\/div>\n\t\t<\/div>\n\t\t\t\t\t<\/div>\n\t\t<\/section>\n\t\t\t\t<\/div>\n\t\t","protected":false},"excerpt":{"rendered":"<p>Mittagsverpflegung Informationen zur Verpflegung In unserer schuleigenen Mensa wird unseren Sch\u00fclerinnen und Sch\u00fclern ein t\u00e4glich wechselndes Mittagsangebot angeboten. Kooperation mit Caterer GEG-Gastro-Service T\u00e4glich frische und abwechslungsreiche Mittagsgerichte (Fisch, Fleisch, Gefl\u00fcgel, vegetarische Gerichte) Bewusst ausgew\u00e4hlte Lebensmittel von h\u00f6chster Qualit\u00e4t Ein vielseitiges, auf Kinder und Jugendliche zugeschnittenes Angebot Mittagspause 11:30 Uhr \u2013 12:15 Uhr \u00a0 T\u00e4gliches Mittagsgericht [&hellip;]<\/p>\n","protected":false},"author":10,"featured_media":0,"parent":6380,"menu_order":0,"comment_status":"closed","ping_status":"closed","template":"","meta":{"site-sidebar-layout":"no-sidebar","site-content-layout":"page-builder","ast-site-content-layout":"","site-content-style":"default","site-sidebar-style":"default","ast-global-header-display":"","ast-banner-title-visibility":"","ast-main-header-display":"","ast-hfb-above-header-display":"","ast-hfb-below-header-display":"","ast-hfb-mobile-header-display":"","site-post-title":"disabled","ast-breadcrumbs-content":"","ast-featured-img":"disabled","footer-sml-layout":"","theme-transparent-header-meta":"","adv-header-id-meta":"","stick-header-meta":"","header-above-stick-meta":"","header-main-stick-meta":"","header-below-stick-meta":"","astra-migrate-meta-layouts":"default","ast-page-background-enabled":"default","ast-page-background-meta":{"desktop":{"background-color":"","background-image":"","background-repeat":"repeat","background-position":"center center","background-size":"auto","background-attachment":"scroll","background-type":"","background-media":"","overlay-type":"","overlay-color":"","overlay-opacity":"","overlay-gradient":""},"tablet":{"background-color":"","background-image":"","background-repeat":"repeat","background-position":"center center","background-size":"auto","background-attachment":"scroll","background-type":"","background-media":"","overlay-type":"","overlay-color":"","overlay-opacity":"","overlay-gradient":""},"mobile":{"background-color":"","background-image":"","background-repeat":"repeat","background-position":"center center","background-size":"auto","background-attachment":"scroll","background-type":"","background-media":"","overlay-type":"","overlay-color":"","overlay-opacity":"","overlay-gradient":""}},"ast-content-background-meta":{"desktop":{"background-color":"var(--ast-global-color-5)","background-image":"","background-repeat":"repeat","background-position":"center center","background-size":"auto","background-attachment":"scroll","background-type":"","background-media":"","overlay-type":"","overlay-color":"","overlay-opacity":"","overlay-gradient":""},"tablet":{"background-color":"var(--ast-global-color-5)","background-image":"","background-repeat":"repeat","background-position":"center center","background-size":"auto","background-attachment":"scroll","background-type":"","background-media":"","overlay-type":"","overlay-color":"","overlay-opacity":"","overlay-gradient":""},"mobile":{"background-color":"var(--ast-global-color-5)","background-image":"","background-repeat":"repeat","background-position":"center center","background-size":"auto","background-attachment":"scroll","background-type":"","background-media":"","overlay-type":"","overlay-color":"","overlay-opacity":"","overlay-gradient":""}},"footnotes":"","_links_to":"","_links_to_target":""},"class_list":["post-8157","page","type-page","status-publish","hentry"],"yoast_head":"<!-- This site is optimized with the Yoast SEO plugin v23.5 - https:\/\/yoast.com\/wordpress\/plugins\/seo\/ -->\n<title>Mittagsverpflegung | Rackow-Schulen | Privatschule Frankfurt<\/title>\n<meta name=\"description\" content=\"Wir haben eine tolle Mittagsverpflegung. Frankfurts pers\u00f6nlichste Privatschule bietet dir den richtigen Verpflegungsweg.\" \/>\n<meta name=\"robots\" content=\"index, follow, max-snippet:-1, max-image-preview:large, max-video-preview:-1\" \/>\n<link rel=\"canonical\" href=\"https:\/\/rackow-schulen.de\/frankfurt\/infos\/mittagsverpflegung\/\" \/>\n<meta property=\"og:locale\" content=\"de_DE\" \/>\n<meta property=\"og:type\" content=\"article\" \/>\n<meta property=\"og:title\" content=\"Mittagsverpflegung | Rackow-Schulen | Privatschule Frankfurt\" \/>\n<meta property=\"og:description\" content=\"Wir haben eine tolle Mittagsverpflegung. Frankfurts pers\u00f6nlichste Privatschule bietet dir den richtigen Verpflegungsweg.\" \/>\n<meta property=\"og:url\" content=\"https:\/\/rackow-schulen.de\/frankfurt\/infos\/mittagsverpflegung\/\" \/>\n<meta property=\"og:site_name\" content=\"Rackow-Frankfurt\" \/>\n<meta property=\"article:publisher\" content=\"https:\/\/www.facebook.com\/RackowSchuleFrankfurt\" \/>\n<meta property=\"article:modified_time\" content=\"2023-09-22T09:08:38+00:00\" \/>\n<meta property=\"og:image\" content=\"https:\/\/rackow-schulen.de\/frankfurt\/wp-content\/uploads\/2022\/09\/computer-pc-workplace-1185626-scaled.jpg\" \/>\n\t<meta property=\"og:image:width\" content=\"1200\" \/>\n\t<meta property=\"og:image:height\" content=\"800\" \/>\n\t<meta property=\"og:image:type\" content=\"image\/jpeg\" \/>\n<meta name=\"twitter:card\" content=\"summary_large_image\" \/>\n<meta name=\"twitter:label1\" content=\"Gesch\u00e4tzte Lesezeit\" \/>\n\t<meta name=\"twitter:data1\" content=\"1\u00a0Minute\" \/>\n<script type=\"application\/ld+json\" class=\"yoast-schema-graph\">{\"@context\":\"https:\/\/schema.org\",\"@graph\":[{\"@type\":\"WebPage\",\"@id\":\"https:\/\/rackow-schulen.de\/frankfurt\/infos\/mittagsverpflegung\/\",\"url\":\"https:\/\/rackow-schulen.de\/frankfurt\/infos\/mittagsverpflegung\/\",\"name\":\"Mittagsverpflegung | Rackow-Schulen | Privatschule Frankfurt\",\"isPartOf\":{\"@id\":\"https:\/\/rackow-schulen.de\/frankfurt\/#website\"},\"datePublished\":\"2022-09-27T11:36:52+00:00\",\"dateModified\":\"2023-09-22T09:08:38+00:00\",\"description\":\"Wir haben eine tolle Mittagsverpflegung. Frankfurts pers\u00f6nlichste Privatschule bietet dir den richtigen Verpflegungsweg.\",\"breadcrumb\":{\"@id\":\"https:\/\/rackow-schulen.de\/frankfurt\/infos\/mittagsverpflegung\/#breadcrumb\"},\"inLanguage\":\"de\",\"potentialAction\":[{\"@type\":\"ReadAction\",\"target\":[\"https:\/\/rackow-schulen.de\/frankfurt\/infos\/mittagsverpflegung\/\"]}]},{\"@type\":\"BreadcrumbList\",\"@id\":\"https:\/\/rackow-schulen.de\/frankfurt\/infos\/mittagsverpflegung\/#breadcrumb\",\"itemListElement\":[{\"@type\":\"ListItem\",\"position\":1,\"name\":\"Startseite\",\"item\":\"https:\/\/rackow-schulen.de\/frankfurt\/\"},{\"@type\":\"ListItem\",\"position\":2,\"name\":\"Infos\",\"item\":\"https:\/\/rackow-schulen.de\/frankfurt\/infos\/\"},{\"@type\":\"ListItem\",\"position\":3,\"name\":\"Mittagsverpflegung\"}]},{\"@type\":\"WebSite\",\"@id\":\"https:\/\/rackow-schulen.de\/frankfurt\/#website\",\"url\":\"https:\/\/rackow-schulen.de\/frankfurt\/\",\"name\":\"Rackow-Frankfurt\",\"description\":\"Frankfurts pers\u00f6nlichste Privatschule\",\"publisher\":{\"@id\":\"https:\/\/rackow-schulen.de\/frankfurt\/#organization\"},\"potentialAction\":[{\"@type\":\"SearchAction\",\"target\":{\"@type\":\"EntryPoint\",\"urlTemplate\":\"https:\/\/rackow-schulen.de\/frankfurt\/?s={search_term_string}\"},\"query-input\":{\"@type\":\"PropertyValueSpecification\",\"valueRequired\":true,\"valueName\":\"search_term_string\"}}],\"inLanguage\":\"de\"},{\"@type\":\"Organization\",\"@id\":\"https:\/\/rackow-schulen.de\/frankfurt\/#organization\",\"name\":\"Rackow-Schulen Frankfurt\",\"url\":\"https:\/\/rackow-schulen.de\/frankfurt\/\",\"logo\":{\"@type\":\"ImageObject\",\"inLanguage\":\"de\",\"@id\":\"https:\/\/rackow-schulen.de\/frankfurt\/#\/schema\/logo\/image\/\",\"url\":\"https:\/\/rackow-schulen.de\/frankfurt\/wp-content\/uploads\/2022\/10\/logo-mobile.png\",\"contentUrl\":\"https:\/\/rackow-schulen.de\/frankfurt\/wp-content\/uploads\/2022\/10\/logo-mobile.png\",\"width\":60,\"height\":60,\"caption\":\"Rackow-Schulen Frankfurt\"},\"image\":{\"@id\":\"https:\/\/rackow-schulen.de\/frankfurt\/#\/schema\/logo\/image\/\"},\"sameAs\":[\"https:\/\/www.facebook.com\/RackowSchuleFrankfurt\",\"https:\/\/www.instagram.com\/rackowffm\/\",\"https:\/\/www.xing.com\/pages\/rackow-schulen-frankfurt-gmbh\",\"https:\/\/de.linkedin.com\/company\/rackow-schule-frankfurt\"]}]}<\/script>\n<!-- \/ Yoast SEO plugin. -->","yoast_head_json":{"title":"Mittagsverpflegung | Rackow-Schulen | Privatschule Frankfurt","description":"Wir haben eine tolle Mittagsverpflegung. Frankfurts pers\u00f6nlichste Privatschule bietet dir den richtigen Verpflegungsweg.","robots":{"index":"index","follow":"follow","max-snippet":"max-snippet:-1","max-image-preview":"max-image-preview:large","max-video-preview":"max-video-preview:-1"},"canonical":"https:\/\/rackow-schulen.de\/frankfurt\/infos\/mittagsverpflegung\/","og_locale":"de_DE","og_type":"article","og_title":"Mittagsverpflegung | Rackow-Schulen | Privatschule Frankfurt","og_description":"Wir haben eine tolle Mittagsverpflegung. Frankfurts pers\u00f6nlichste Privatschule bietet dir den richtigen Verpflegungsweg.","og_url":"https:\/\/rackow-schulen.de\/frankfurt\/infos\/mittagsverpflegung\/","og_site_name":"Rackow-Frankfurt","article_publisher":"https:\/\/www.facebook.com\/RackowSchuleFrankfurt","article_modified_time":"2023-09-22T09:08:38+00:00","og_image":[{"width":1200,"height":800,"url":"https:\/\/rackow-schulen.de\/frankfurt\/wp-content\/uploads\/2022\/09\/computer-pc-workplace-1185626-scaled.jpg","type":"image\/jpeg"}],"twitter_card":"summary_large_image","twitter_misc":{"Gesch\u00e4tzte Lesezeit":"1\u00a0Minute"},"schema":{"@context":"https:\/\/schema.org","@graph":[{"@type":"WebPage","@id":"https:\/\/rackow-schulen.de\/frankfurt\/infos\/mittagsverpflegung\/","url":"https:\/\/rackow-schulen.de\/frankfurt\/infos\/mittagsverpflegung\/","name":"Mittagsverpflegung | Rackow-Schulen | Privatschule Frankfurt","isPartOf":{"@id":"https:\/\/rackow-schulen.de\/frankfurt\/#website"},"datePublished":"2022-09-27T11:36:52+00:00","dateModified":"2023-09-22T09:08:38+00:00","description":"Wir haben eine tolle Mittagsverpflegung. Frankfurts pers\u00f6nlichste Privatschule bietet dir den richtigen Verpflegungsweg.","breadcrumb":{"@id":"https:\/\/rackow-schulen.de\/frankfurt\/infos\/mittagsverpflegung\/#breadcrumb"},"inLanguage":"de","potentialAction":[{"@type":"ReadAction","target":["https:\/\/rackow-schulen.de\/frankfurt\/infos\/mittagsverpflegung\/"]}]},{"@type":"BreadcrumbList","@id":"https:\/\/rackow-schulen.de\/frankfurt\/infos\/mittagsverpflegung\/#breadcrumb","itemListElement":[{"@type":"ListItem","position":1,"name":"Startseite","item":"https:\/\/rackow-schulen.de\/frankfurt\/"},{"@type":"ListItem","position":2,"name":"Infos","item":"https:\/\/rackow-schulen.de\/frankfurt\/infos\/"},{"@type":"ListItem","position":3,"name":"Mittagsverpflegung"}]},{"@type":"WebSite","@id":"https:\/\/rackow-schulen.de\/frankfurt\/#website","url":"https:\/\/rackow-schulen.de\/frankfurt\/","name":"Rackow-Frankfurt","description":"Frankfurts pers\u00f6nlichste Privatschule","publisher":{"@id":"https:\/\/rackow-schulen.de\/frankfurt\/#organization"},"potentialAction":[{"@type":"SearchAction","target":{"@type":"EntryPoint","urlTemplate":"https:\/\/rackow-schulen.de\/frankfurt\/?s={search_term_string}"},"query-input":{"@type":"PropertyValueSpecification","valueRequired":true,"valueName":"search_term_string"}}],"inLanguage":"de"},{"@type":"Organization","@id":"https:\/\/rackow-schulen.de\/frankfurt\/#organization","name":"Rackow-Schulen Frankfurt","url":"https:\/\/rackow-schulen.de\/frankfurt\/","logo":{"@type":"ImageObject","inLanguage":"de","@id":"https:\/\/rackow-schulen.de\/frankfurt\/#\/schema\/logo\/image\/","url":"https:\/\/rackow-schulen.de\/frankfurt\/wp-content\/uploads\/2022\/10\/logo-mobile.png","contentUrl":"https:\/\/rackow-schulen.de\/frankfurt\/wp-content\/uploads\/2022\/10\/logo-mobile.png","width":60,"height":60,"caption":"Rackow-Schulen Frankfurt"},"image":{"@id":"https:\/\/rackow-schulen.de\/frankfurt\/#\/schema\/logo\/image\/"},"sameAs":["https:\/\/www.facebook.com\/RackowSchuleFrankfurt","https:\/\/www.instagram.com\/rackowffm\/","https:\/\/www.xing.com\/pages\/rackow-schulen-frankfurt-gmbh","https:\/\/de.linkedin.com\/company\/rackow-schule-frankfurt"]}]}},"_links":{"self":[{"href":"https:\/\/rackow-schulen.de\/frankfurt\/wp-json\/wp\/v2\/pages\/8157","targetHints":{"allow":["GET"]}}],"collection":[{"href":"https:\/\/rackow-schulen.de\/frankfurt\/wp-json\/wp\/v2\/pages"}],"about":[{"href":"https:\/\/rackow-schulen.de\/frankfurt\/wp-json\/wp\/v2\/types\/page"}],"author":[{"embeddable":true,"href":"https:\/\/rackow-schulen.de\/frankfurt\/wp-json\/wp\/v2\/users\/10"}],"replies":[{"embeddable":true,"href":"https:\/\/rackow-schulen.de\/frankfurt\/wp-json\/wp\/v2\/comments?post=8157"}],"version-history":[{"count":17,"href":"https:\/\/rackow-schulen.de\/frankfurt\/wp-json\/wp\/v2\/pages\/8157\/revisions"}],"predecessor-version":[{"id":11151,"href":"https:\/\/rackow-schulen.de\/frankfurt\/wp-json\/wp\/v2\/pages\/8157\/revisions\/11151"}],"up":[{"embeddable":true,"href":"https:\/\/rackow-schulen.de\/frankfurt\/wp-json\/wp\/v2\/pages\/6380"}],"wp:attachment":[{"href":"https:\/\/rackow-schulen.de\/frankfurt\/wp-json\/wp\/v2\/media?parent=8157"}],"curies":[{"name":"wp","href":"https:\/\/api.w.org\/{rel}","templated":true}]}}